{"id":150,"date":"0023-09-20T08:00:54","date_gmt":"0023-09-20T06:00:54","guid":{"rendered":"http:\/\/totaltheme.wpengine.com\/portfolio\/?page_id=73"},"modified":"2023-09-20T19:56:47","modified_gmt":"2023-09-20T17:56:47","slug":"about","status":"publish","type":"page","link":"https:\/\/yrisgraphics.com\/fr\/about\/","title":{"rendered":"About"},"content":{"rendered":"<section class=\"wpb-content-wrapper\"><div class=\"vc_row wpb_row vc_row-fluid\"><div class=\"wpb_column vc_column_container vc_col-sm-12\"><div class=\"vc_column-inner\"><div class=\"wpb_wrapper\"><div class=\"vcex-module vcex-staff-grid-wrap wpex-clr\"><div class=\"wpex-row vcex-staff-grid entries wpex-clr gap-30 left-thumbs\"><div class=\"staff-entry vcex-grid-item  col col-1 post-186 entry type-staff has-media\"><div class=\"staff-entry-inner entry-inner wpex-first-mt-0 wpex-last-mb-0 wpex-clr\"><div class=\"staff-entry-media entry-media wpex-mb-20\"><img width=\"540\" height=\"310\" src=\"https:\/\/yrisgraphics.com\/wp-content\/uploads\/2015\/01\/LaraCosta.jpg\" class=\"staff-entry-media-img staff-entry-img wpex-align-middle wpex-align-middle\" alt=\"\" decoding=\"async\" loading=\"lazy\" srcset=\"https:\/\/yrisgraphics.com\/wp-content\/uploads\/2015\/01\/LaraCosta.jpg 540w, https:\/\/yrisgraphics.com\/wp-content\/uploads\/2015\/01\/LaraCosta-300x172.jpg 300w\" sizes=\"(max-width: 540px) 100vw, 540px\" \/><\/div><div class=\"staff-entry-details entry-details wpex-first-mt-0 wpex-last-mb-0 wpex-clr\"><h2 class=\"staff-entry-title entry-title wpex-text-2xl wpex-mb-5\" style=\"font-size:21px;\">Lara Costa<\/h2><div class=\"staff-entry-excerpt entry-excerpt wpex-my-15 wpex-last-mb-0 wpex-clr\"><p>Je suis titulaire d\u00b4une th\u00e8se en biologie cellulaire, et plus r\u00e9cemment reconvertie en graphiste ind\u00e9pendante. Je viens du Portugal et j\u00b4habite dans le sud de la France, mais mes clients se trouvent partout dans le monde. Toutes les communications sont fa\u00eetes par Internet. Mes cr\u00e9ations graphiques sont concises et efficaces, et je porte une attention toute particuli\u00e8re pour les rendre visuellement hors du commun. Prenons contact pour donner vie \u00e0 votre projet.<\/p><\/div><\/div><\/div><\/div><\/div><\/div><\/div><\/div><\/div><\/div>\n<\/section>","protected":false},"excerpt":{"rendered":"Je suis titulaire d\u00b4une th\u00e8se en biologie cellulaire, et plus r\u00e9cemment reconvertie en graphiste ind\u00e9pendante. Je viens du Portugal et j\u00b4habite dans le sud de la France, mais mes clients se trouvent partout dans le monde. Toutes les communications sont fa\u00eetes par Internet. Mes cr\u00e9ations graphiques sont concises et efficaces, et je porte une attention toute particuli\u00e8re pour les rendre visuellement hors du commun. Prenons contact pour donner vie \u00e0 votre projet.","protected":false},"author":1,"featured_media":0,"parent":0,"menu_order":0,"comment_status":"closed","ping_status":"closed","template":"","meta":{"footnotes":""},"yoast_head":"<!-- This site is optimized with the Yoast SEO plugin v21.2 - https:\/\/yoast.com\/wordpress\/plugins\/seo\/ -->\n<title>About Lara Costa: The Face Behind Yris Graphics<\/title>\n<meta name=\"description\" content=\"Meet Lara Costa of Yris Graphics, a Portuguese cell biology doctorate turned freelance graphic designer. Discover her journey and design philosophy.\" \/>\n<meta name=\"robots\" content=\"index, follow, max-snippet:-1, max-image-preview:large, max-video-preview:-1\" \/>\n<link rel=\"canonical\" href=\"https:\/\/yrisgraphics.com\/fr\/about\/\" \/>\n<meta property=\"og:locale\" content=\"fr_FR\" \/>\n<meta property=\"og:type\" content=\"article\" \/>\n<meta property=\"og:title\" content=\"About Lara Costa: The Face Behind Yris Graphics\" \/>\n<meta property=\"og:description\" content=\"Meet Lara Costa of Yris Graphics, a Portuguese cell biology doctorate turned freelance graphic designer. Discover her journey and design philosophy.\" \/>\n<meta property=\"og:url\" content=\"https:\/\/yrisgraphics.com\/fr\/about\/\" \/>\n<meta property=\"og:site_name\" content=\"Yris Graphics\" \/>\n<meta property=\"article:modified_time\" content=\"2023-09-20T17:56:47+00:00\" \/>\n<meta name=\"twitter:card\" content=\"summary_large_image\" \/>\n<meta name=\"twitter:label1\" content=\"Dur\u00e9e de lecture estim\u00e9e\" \/>\n\t<meta name=\"twitter:data1\" content=\"1 minute\" \/>\n<script type=\"application\/ld+json\" class=\"yoast-schema-graph\">{\"@context\":\"https:\/\/schema.org\",\"@graph\":[{\"@type\":[\"WebPage\",\"AboutPage\"],\"@id\":\"https:\/\/yrisgraphics.com\/about\/\",\"url\":\"https:\/\/yrisgraphics.com\/about\/\",\"name\":\"About Lara Costa: The Face Behind Yris Graphics\",\"isPartOf\":{\"@id\":\"https:\/\/yrisgraphics.com\/#website\"},\"datePublished\":\"0023-09-20T06:00:54+00:00\",\"dateModified\":\"2023-09-20T17:56:47+00:00\",\"description\":\"Meet Lara Costa of Yris Graphics, a Portuguese cell biology doctorate turned freelance graphic designer. Discover her journey and design philosophy.\",\"breadcrumb\":{\"@id\":\"https:\/\/yrisgraphics.com\/about\/#breadcrumb\"},\"inLanguage\":\"fr-FR\",\"potentialAction\":[{\"@type\":\"ReadAction\",\"target\":[\"https:\/\/yrisgraphics.com\/about\/\"]}]},{\"@type\":\"BreadcrumbList\",\"@id\":\"https:\/\/yrisgraphics.com\/about\/#breadcrumb\",\"itemListElement\":[{\"@type\":\"ListItem\",\"position\":1,\"name\":\"Home\",\"item\":\"https:\/\/yrisgraphics.com\/\"},{\"@type\":\"ListItem\",\"position\":2,\"name\":\"About\"}]},{\"@type\":\"WebSite\",\"@id\":\"https:\/\/yrisgraphics.com\/#website\",\"url\":\"https:\/\/yrisgraphics.com\/\",\"name\":\"Yris Graphics\",\"description\":\"eye catching results\",\"publisher\":{\"@id\":\"https:\/\/yrisgraphics.com\/#\/schema\/person\/04778f562e3bb0bad17285543fcfafc4\"},\"potentialAction\":[{\"@type\":\"SearchAction\",\"target\":{\"@type\":\"EntryPoint\",\"urlTemplate\":\"https:\/\/yrisgraphics.com\/?s={search_term_string}\"},\"query-input\":\"required name=search_term_string\"}],\"inLanguage\":\"fr-FR\"},{\"@type\":[\"Person\",\"Organization\"],\"@id\":\"https:\/\/yrisgraphics.com\/#\/schema\/person\/04778f562e3bb0bad17285543fcfafc4\",\"name\":\"larafcosta\",\"image\":{\"@type\":\"ImageObject\",\"inLanguage\":\"fr-FR\",\"@id\":\"https:\/\/yrisgraphics.com\/#\/schema\/person\/image\/\",\"url\":\"https:\/\/yrisgraphics.com\/wp-content\/uploads\/2023\/08\/YrisGraphics_nameOnly-1.jpg\",\"contentUrl\":\"https:\/\/yrisgraphics.com\/wp-content\/uploads\/2023\/08\/YrisGraphics_nameOnly-1.jpg\",\"width\":892,\"height\":356,\"caption\":\"larafcosta\"},\"logo\":{\"@id\":\"https:\/\/yrisgraphics.com\/#\/schema\/person\/image\/\"},\"sameAs\":[\"http:\/\/yrisgraphics.com\"]}]}<\/script>\n<!-- \/ Yoast SEO plugin. -->","yoast_head_json":{"title":"About Lara Costa: The Face Behind Yris Graphics","description":"Meet Lara Costa of Yris Graphics, a Portuguese cell biology doctorate turned freelance graphic designer. Discover her journey and design philosophy.","robots":{"index":"index","follow":"follow","max-snippet":"max-snippet:-1","max-image-preview":"max-image-preview:large","max-video-preview":"max-video-preview:-1"},"canonical":"https:\/\/yrisgraphics.com\/fr\/about\/","og_locale":"fr_FR","og_type":"article","og_title":"About Lara Costa: The Face Behind Yris Graphics","og_description":"Meet Lara Costa of Yris Graphics, a Portuguese cell biology doctorate turned freelance graphic designer. Discover her journey and design philosophy.","og_url":"https:\/\/yrisgraphics.com\/fr\/about\/","og_site_name":"Yris Graphics","article_modified_time":"2023-09-20T17:56:47+00:00","twitter_card":"summary_large_image","twitter_misc":{"Dur\u00e9e de lecture estim\u00e9e":"1 minute"},"schema":{"@context":"https:\/\/schema.org","@graph":[{"@type":["WebPage","AboutPage"],"@id":"https:\/\/yrisgraphics.com\/about\/","url":"https:\/\/yrisgraphics.com\/about\/","name":"About Lara Costa: The Face Behind Yris Graphics","isPartOf":{"@id":"https:\/\/yrisgraphics.com\/#website"},"datePublished":"0023-09-20T06:00:54+00:00","dateModified":"2023-09-20T17:56:47+00:00","description":"Meet Lara Costa of Yris Graphics, a Portuguese cell biology doctorate turned freelance graphic designer. Discover her journey and design philosophy.","breadcrumb":{"@id":"https:\/\/yrisgraphics.com\/about\/#breadcrumb"},"inLanguage":"fr-FR","potentialAction":[{"@type":"ReadAction","target":["https:\/\/yrisgraphics.com\/about\/"]}]},{"@type":"BreadcrumbList","@id":"https:\/\/yrisgraphics.com\/about\/#breadcrumb","itemListElement":[{"@type":"ListItem","position":1,"name":"Home","item":"https:\/\/yrisgraphics.com\/"},{"@type":"ListItem","position":2,"name":"About"}]},{"@type":"WebSite","@id":"https:\/\/yrisgraphics.com\/#website","url":"https:\/\/yrisgraphics.com\/","name":"Yris Graphics","description":"eye catching results","publisher":{"@id":"https:\/\/yrisgraphics.com\/#\/schema\/person\/04778f562e3bb0bad17285543fcfafc4"},"potentialAction":[{"@type":"SearchAction","target":{"@type":"EntryPoint","urlTemplate":"https:\/\/yrisgraphics.com\/?s={search_term_string}"},"query-input":"required name=search_term_string"}],"inLanguage":"fr-FR"},{"@type":["Person","Organization"],"@id":"https:\/\/yrisgraphics.com\/#\/schema\/person\/04778f562e3bb0bad17285543fcfafc4","name":"larafcosta","image":{"@type":"ImageObject","inLanguage":"fr-FR","@id":"https:\/\/yrisgraphics.com\/#\/schema\/person\/image\/","url":"https:\/\/yrisgraphics.com\/wp-content\/uploads\/2023\/08\/YrisGraphics_nameOnly-1.jpg","contentUrl":"https:\/\/yrisgraphics.com\/wp-content\/uploads\/2023\/08\/YrisGraphics_nameOnly-1.jpg","width":892,"height":356,"caption":"larafcosta"},"logo":{"@id":"https:\/\/yrisgraphics.com\/#\/schema\/person\/image\/"},"sameAs":["http:\/\/yrisgraphics.com"]}]}},"_links":{"self":[{"href":"https:\/\/yrisgraphics.com\/fr\/wp-json\/wp\/v2\/pages\/150"}],"collection":[{"href":"https:\/\/yrisgraphics.com\/fr\/wp-json\/wp\/v2\/pages"}],"about":[{"href":"https:\/\/yrisgraphics.com\/fr\/wp-json\/wp\/v2\/types\/page"}],"author":[{"embeddable":true,"href":"https:\/\/yrisgraphics.com\/fr\/wp-json\/wp\/v2\/users\/1"}],"replies":[{"embeddable":true,"href":"https:\/\/yrisgraphics.com\/fr\/wp-json\/wp\/v2\/comments?post=150"}],"version-history":[{"count":7,"href":"https:\/\/yrisgraphics.com\/fr\/wp-json\/wp\/v2\/pages\/150\/revisions"}],"predecessor-version":[{"id":245,"href":"https:\/\/yrisgraphics.com\/fr\/wp-json\/wp\/v2\/pages\/150\/revisions\/245"}],"wp:attachment":[{"href":"https:\/\/yrisgraphics.com\/fr\/wp-json\/wp\/v2\/media?parent=150"}],"curies":[{"name":"wp","href":"https:\/\/api.w.org\/{rel}","templated":true}]}}