{"id":149,"date":"2023-09-20T08:00:21","date_gmt":"2023-09-20T06:00:21","guid":{"rendered":"http:\/\/totaltheme.wpengine.com\/portfolio\/?page_id=63"},"modified":"2023-09-20T19:56:02","modified_gmt":"2023-09-20T17:56:02","slug":"contact","status":"publish","type":"page","link":"https:\/\/yrisgraphics.com\/fr\/contact\/","title":{"rendered":"Contact"},"content":{"rendered":"<section class=\"wpb-content-wrapper\"><div class=\"vc_row wpb_row vc_row-fluid vc_custom_1693920663529 wpex-vc-has-custom-column-spacing wpex-vc-column-spacing-50\"><div class=\"wpb_column vc_column_container vc_col-sm-6\"><div class=\"vc_column-inner\"><div class=\"wpb_wrapper\"><style>.vcex-heading.vcex_69d2686a09d81{font-size:20px;font-weight:700;}<\/style><div class=\"vcex-heading vcex-heading-plain vcex-module wpex-text-2xl wpex-font-normal wpex-mb-10 vcex_69d2686a09d81\"><span class=\"vcex-heading-inner wpex-inline-block\">Comment me joindre<\/span><\/div>\n\t<div class=\"wpb_text_column wpb_content_element\" >\n\t\t<div class=\"wpb_wrapper\">\n\t\t\t<p class=\"MainP1About\" align=\"left\">Veuillez remplir le formulaire ci-dessous pour m'envoyer un message et je vous r\u00e9pondrai dans les plus brefs d\u00e9lais. N'oubliez pas d'ajouter vos coordonn\u00e9es.<\/p>\n\n\t\t<\/div>\n\t<\/div>\n<div class=\"vc_empty_space\"   style=\"height: 22px\"><span class=\"vc_empty_space_inner\"><\/span><\/div><div class=\"vcex-contact-form\" data-ajaxurl=\"https:\/\/yrisgraphics.com\/wp-admin\/admin-ajax.php\" data-notice-success=\"Thank you for the message. We will respond as soon as possible.\" data-notice-error=\"Some errors occurred.\" data-recaptcha=\"6Le8OQAoAAAAAKYqmCQ5aNusypJtcTFSwZiosbFX\" data-nonce=\"437158870b\"><form class=\"vcex-contact-form__form\" action=\"\"><div class=\"vcex-contact-form__fields wpex-mb-15 wpex-flex wpex-gap-20 wpex-flex-wrap\"><div class=\"vcex-contact-form__name wpex-flex-grow\"><label class=\"screen-reader-text\" for=\"vcex-contact-form__69d2686a0b06d-name\">Your Name<\/label><input class=\"vcex-contact-form__input\" type=\"text\" id=\"vcex-contact-form__69d2686a0b06d-name\" name=\"vcex_cf_name\" required placeholder=\"Your Name\"><\/div><div class=\"vcex-contact-form__email wpex-flex-grow\"><label class=\"screen-reader-text\" for=\"vcex-contact-form__69d2686a0b06d-email\">Your Email<\/label><input class=\"vcex-contact-form__input\" type=\"email\" id=\"vcex-contact-form__69d2686a0b06d-email\" name=\"vcex_cf_email\" required placeholder=\"Your Email\"><\/div><\/div><div class=\"vcex-contact-form__message wpex-mb-15\"><label class=\"screen-reader-text\" for=\"vcex-contact-form__69d2686a0b06d-message\">Votre message ici ...<\/label><textarea rows=\"8\" class=\"vcex-contact-form__textarea wpex-align-top\" id=\"vcex-contact-form__69d2686a0b06d-message\" name=\"vcex_cf_message\" required placeholder=\"Votre message ici ...\"><\/textarea><\/div><button class=\"vcex-contact-form__submit vcex-contact-form__submit--full theme-button\">Envoyer<\/button><div class=\"vcex-contact-form__spinner wpex-mt-15 wpex-hidden\"><svg height=\"20\" width=\"20\" viewbox=\"0 0 36 36\" xmlns=\"http:\/\/www.w3.org\/2000\/svg\"><circle cx=\"18\" cy=\"18\" r=\"18\" fill=\"#a2a2a2\" fill-opacity=\".5\"\/><circle cx=\"18\" cy=\"8\" r=\"4\" fill=\"#fff\"><animatetransform attributename=\"transform\" dur=\"1100ms\" from=\"0 18 18\" repeatcount=\"indefinite\" to=\"360 18 18\" type=\"rotate\"\/><\/circle><\/svg><\/div><div class=\"vcex-contact-form__notice wpex-hidden wpex-alert wpex-mt-15 wpex-mb-0\"><\/div><input type=\"hidden\" name=\"trp-form-language\" value=\"fr\"\/><\/form><div class=\"vcex-contact-form__overlay wpex-hidden\"><\/div><\/div><\/div><\/div><\/div><div class=\"wpb_column vc_column_container vc_col-sm-6\"><div class=\"vc_column-inner\"><div class=\"wpb_wrapper\"><div class=\"vc_empty_space\"   style=\"height: 37px\"><span class=\"vc_empty_space_inner\"><\/span><\/div>\n\t<div class=\"wpb_text_column wpb_content_element\" >\n\t\t<div class=\"wpb_wrapper\">\n\t\t\t<p class=\"MainP1About\" style=\"text-align: center;\" align=\"left\">Sinon, vous pouvez utiliser l'adresse e-mail suivante :<\/p>\n\n\t\t<\/div>\n\t<\/div>\n<div class=\"vc_empty_space\"   style=\"height: 35px\"><span class=\"vc_empty_space_inner\"><\/span><\/div><figure class=\"vcex-image vcex-module textcenter\"><div class=\"vcex-image-inner wpex-relative wpex-inline-block\"><img width=\"269\" height=\"97\" src=\"https:\/\/yrisgraphics.com\/wp-content\/uploads\/2023\/09\/post-it_email.jpg\" class=\"vcex-image-img wpex-align-middle\" alt=\"Yris Graphics email\" decoding=\"async\" loading=\"lazy\" \/><\/div><\/figure><div class=\"vcex-spacing wpex-w-100 wpex-clear\"><\/div><\/div><\/div><\/div><\/div>\n<\/section>","protected":false},"excerpt":{"rendered":"How to reach me Please fill up the form below to send me a message and I will get back to you as soon as possible. Don\u2019t forget to add your contact info. Your NameYour EmailYour message here...Envoyer Alternatively, you can use the following email address:","protected":false},"author":1,"featured_media":0,"parent":0,"menu_order":0,"comment_status":"open","ping_status":"closed","template":"","meta":{"footnotes":""},"yoast_head":"<!-- This site is optimized with the Yoast SEO plugin v21.2 - https:\/\/yoast.com\/wordpress\/plugins\/seo\/ -->\n<title>Contact Yris Graphics: Get in Touch with Lara Costa<\/title>\n<meta name=\"description\" content=\"Reach out to Yris Graphics for your graphic design needs. Fill out our contact form or send us an email. We&#039;re excited to work with you!\" \/>\n<meta name=\"robots\" content=\"index, follow, max-snippet:-1, max-image-preview:large, max-video-preview:-1\" \/>\n<link rel=\"canonical\" href=\"https:\/\/yrisgraphics.com\/fr\/contact\/\" \/>\n<meta property=\"og:locale\" content=\"fr_FR\" \/>\n<meta property=\"og:type\" content=\"article\" \/>\n<meta property=\"og:title\" content=\"Contact Yris Graphics: Get in Touch with Lara Costa\" \/>\n<meta property=\"og:description\" content=\"Reach out to Yris Graphics for your graphic design needs. Fill out our contact form or send us an email. We&#039;re excited to work with you!\" \/>\n<meta property=\"og:url\" content=\"https:\/\/yrisgraphics.com\/fr\/contact\/\" \/>\n<meta property=\"og:site_name\" content=\"Yris Graphics\" \/>\n<meta property=\"article:modified_time\" content=\"2023-09-20T17:56:02+00:00\" \/>\n<meta name=\"twitter:card\" content=\"summary_large_image\" \/>\n<meta name=\"twitter:label1\" content=\"Dur\u00e9e de lecture estim\u00e9e\" \/>\n\t<meta name=\"twitter:data1\" content=\"1 minute\" \/>\n<script type=\"application\/ld+json\" class=\"yoast-schema-graph\">{\"@context\":\"https:\/\/schema.org\",\"@graph\":[{\"@type\":[\"WebPage\",\"ContactPage\"],\"@id\":\"https:\/\/yrisgraphics.com\/contact\/\",\"url\":\"https:\/\/yrisgraphics.com\/contact\/\",\"name\":\"Contact Yris Graphics: Get in Touch with Lara Costa\",\"isPartOf\":{\"@id\":\"https:\/\/yrisgraphics.com\/#website\"},\"datePublished\":\"2023-09-20T06:00:21+00:00\",\"dateModified\":\"2023-09-20T17:56:02+00:00\",\"description\":\"Reach out to Yris Graphics for your graphic design needs. Fill out our contact form or send us an email. We're excited to work with you!\",\"breadcrumb\":{\"@id\":\"https:\/\/yrisgraphics.com\/contact\/#breadcrumb\"},\"inLanguage\":\"fr-FR\",\"potentialAction\":[{\"@type\":\"ReadAction\",\"target\":[\"https:\/\/yrisgraphics.com\/contact\/\"]}]},{\"@type\":\"BreadcrumbList\",\"@id\":\"https:\/\/yrisgraphics.com\/contact\/#breadcrumb\",\"itemListElement\":[{\"@type\":\"ListItem\",\"position\":1,\"name\":\"Home\",\"item\":\"https:\/\/yrisgraphics.com\/\"},{\"@type\":\"ListItem\",\"position\":2,\"name\":\"Contact\"}]},{\"@type\":\"WebSite\",\"@id\":\"https:\/\/yrisgraphics.com\/#website\",\"url\":\"https:\/\/yrisgraphics.com\/\",\"name\":\"Yris Graphics\",\"description\":\"eye catching results\",\"publisher\":{\"@id\":\"https:\/\/yrisgraphics.com\/#\/schema\/person\/04778f562e3bb0bad17285543fcfafc4\"},\"potentialAction\":[{\"@type\":\"SearchAction\",\"target\":{\"@type\":\"EntryPoint\",\"urlTemplate\":\"https:\/\/yrisgraphics.com\/?s={search_term_string}\"},\"query-input\":\"required name=search_term_string\"}],\"inLanguage\":\"fr-FR\"},{\"@type\":[\"Person\",\"Organization\"],\"@id\":\"https:\/\/yrisgraphics.com\/#\/schema\/person\/04778f562e3bb0bad17285543fcfafc4\",\"name\":\"larafcosta\",\"image\":{\"@type\":\"ImageObject\",\"inLanguage\":\"fr-FR\",\"@id\":\"https:\/\/yrisgraphics.com\/#\/schema\/person\/image\/\",\"url\":\"https:\/\/yrisgraphics.com\/wp-content\/uploads\/2023\/08\/YrisGraphics_nameOnly-1.jpg\",\"contentUrl\":\"https:\/\/yrisgraphics.com\/wp-content\/uploads\/2023\/08\/YrisGraphics_nameOnly-1.jpg\",\"width\":892,\"height\":356,\"caption\":\"larafcosta\"},\"logo\":{\"@id\":\"https:\/\/yrisgraphics.com\/#\/schema\/person\/image\/\"},\"sameAs\":[\"http:\/\/yrisgraphics.com\"]}]}<\/script>\n<!-- \/ Yoast SEO plugin. -->","yoast_head_json":{"title":"Contact Yris Graphics: Get in Touch with Lara Costa","description":"Reach out to Yris Graphics for your graphic design needs. Fill out our contact form or send us an email. We're excited to work with you!","robots":{"index":"index","follow":"follow","max-snippet":"max-snippet:-1","max-image-preview":"max-image-preview:large","max-video-preview":"max-video-preview:-1"},"canonical":"https:\/\/yrisgraphics.com\/fr\/contact\/","og_locale":"fr_FR","og_type":"article","og_title":"Contact Yris Graphics: Get in Touch with Lara Costa","og_description":"Reach out to Yris Graphics for your graphic design needs. Fill out our contact form or send us an email. We're excited to work with you!","og_url":"https:\/\/yrisgraphics.com\/fr\/contact\/","og_site_name":"Yris Graphics","article_modified_time":"2023-09-20T17:56:02+00:00","twitter_card":"summary_large_image","twitter_misc":{"Dur\u00e9e de lecture estim\u00e9e":"1 minute"},"schema":{"@context":"https:\/\/schema.org","@graph":[{"@type":["WebPage","ContactPage"],"@id":"https:\/\/yrisgraphics.com\/contact\/","url":"https:\/\/yrisgraphics.com\/contact\/","name":"Contact Yris Graphics: Get in Touch with Lara Costa","isPartOf":{"@id":"https:\/\/yrisgraphics.com\/#website"},"datePublished":"2023-09-20T06:00:21+00:00","dateModified":"2023-09-20T17:56:02+00:00","description":"Reach out to Yris Graphics for your graphic design needs. Fill out our contact form or send us an email. We're excited to work with you!","breadcrumb":{"@id":"https:\/\/yrisgraphics.com\/contact\/#breadcrumb"},"inLanguage":"fr-FR","potentialAction":[{"@type":"ReadAction","target":["https:\/\/yrisgraphics.com\/contact\/"]}]},{"@type":"BreadcrumbList","@id":"https:\/\/yrisgraphics.com\/contact\/#breadcrumb","itemListElement":[{"@type":"ListItem","position":1,"name":"Home","item":"https:\/\/yrisgraphics.com\/"},{"@type":"ListItem","position":2,"name":"Contact"}]},{"@type":"WebSite","@id":"https:\/\/yrisgraphics.com\/#website","url":"https:\/\/yrisgraphics.com\/","name":"Yris Graphics","description":"eye catching results","publisher":{"@id":"https:\/\/yrisgraphics.com\/#\/schema\/person\/04778f562e3bb0bad17285543fcfafc4"},"potentialAction":[{"@type":"SearchAction","target":{"@type":"EntryPoint","urlTemplate":"https:\/\/yrisgraphics.com\/?s={search_term_string}"},"query-input":"required name=search_term_string"}],"inLanguage":"fr-FR"},{"@type":["Person","Organization"],"@id":"https:\/\/yrisgraphics.com\/#\/schema\/person\/04778f562e3bb0bad17285543fcfafc4","name":"larafcosta","image":{"@type":"ImageObject","inLanguage":"fr-FR","@id":"https:\/\/yrisgraphics.com\/#\/schema\/person\/image\/","url":"https:\/\/yrisgraphics.com\/wp-content\/uploads\/2023\/08\/YrisGraphics_nameOnly-1.jpg","contentUrl":"https:\/\/yrisgraphics.com\/wp-content\/uploads\/2023\/08\/YrisGraphics_nameOnly-1.jpg","width":892,"height":356,"caption":"larafcosta"},"logo":{"@id":"https:\/\/yrisgraphics.com\/#\/schema\/person\/image\/"},"sameAs":["http:\/\/yrisgraphics.com"]}]}},"_links":{"self":[{"href":"https:\/\/yrisgraphics.com\/fr\/wp-json\/wp\/v2\/pages\/149"}],"collection":[{"href":"https:\/\/yrisgraphics.com\/fr\/wp-json\/wp\/v2\/pages"}],"about":[{"href":"https:\/\/yrisgraphics.com\/fr\/wp-json\/wp\/v2\/types\/page"}],"author":[{"embeddable":true,"href":"https:\/\/yrisgraphics.com\/fr\/wp-json\/wp\/v2\/users\/1"}],"replies":[{"embeddable":true,"href":"https:\/\/yrisgraphics.com\/fr\/wp-json\/wp\/v2\/comments?post=149"}],"version-history":[{"count":9,"href":"https:\/\/yrisgraphics.com\/fr\/wp-json\/wp\/v2\/pages\/149\/revisions"}],"predecessor-version":[{"id":284,"href":"https:\/\/yrisgraphics.com\/fr\/wp-json\/wp\/v2\/pages\/149\/revisions\/284"}],"wp:attachment":[{"href":"https:\/\/yrisgraphics.com\/fr\/wp-json\/wp\/v2\/media?parent=149"}],"curies":[{"name":"wp","href":"https:\/\/api.w.org\/{rel}","templated":true}]}}